{"id":12,"date":"2020-12-02T15:39:47","date_gmt":"2020-12-02T06:39:47","guid":{"rendered":"http:\/\/localhost\/works\/mia_network\/easyjapanese\/?page_id=12"},"modified":"2023-05-16T16:29:59","modified_gmt":"2023-05-16T07:29:59","slug":"program","status":"publish","type":"page","link":"https:\/\/mia-miyagi.jp\/vietnamese\/program.html","title":{"rendered":"\u4e8b\u696d\u5185\u5bb9"},"content":{"rendered":"<div class=\"contentsHead\">\n<h1>L\u0129nh v\u1ef1c ho\u1ea1t \u0111\u1ed9ngSummary of MIA&#8217;s Programs<\/h1>\n<div class=\"contentsHead__bg\"><img src=\"..\/wp-content\/themes\/mia-complete\/assets\/img\/about\/header_bg.jpg\" alt=\"\" \/><\/div>\n<\/div>\n<article class=\"contents\">\n<h2>N\u1ed7 l\u1ef1c h\u01b0\u1edbng \u0111\u1ebfn m\u1ed9t c\u1ed9ng \u0111\u1ed3ng \u0111a v\u0103n h\u00f3a<\/h2>\n<h3>T\u1ed5 ch\u1ee9c c\u00e1c kh\u00f3a h\u1ecdc ti\u1ebfng Nh\u1eadt<\/h3>\n<p>T\u1ed5 ch\u1ee9c c\u00e1c kh\u00f3a ti\u1ebfng Nh\u1eadt d\u00e0nh cho \u0111\u1ed1i t\u01b0\u1ee3ng l\u00e0 ng\u01b0\u1eddi n\u01b0\u1edbc ngo\u00e0i\u3000s\u1ed1ng trong t\u1ec9nh Miyagi c\u00f3 nhu c\u1ea7u h\u1ecdc ti\u1ebfng Nh\u1eadt.<br \/>\n<a class=\"obvious-link\" href=\".\/japaneselist.html#miaclass\">Th\u00f4ng tin chi ti\u1ebft t\u1ea1i \u0111\u00e2y<\/a><\/p>\n<h3>Gi\u1edbi thi\u1ec7u ng\u01b0\u1eddi h\u1ed7 tr\u1ee3 ti\u1ebfng Nh\u1eadt<\/h3>\n<p>Gi\u1edbi thi\u1ec7u ng\u01b0\u1eddi h\u1ed7 tr\u1ee3 gi\u1ea3ng d\u1ea1y ti\u1ebfng Nh\u1eadt cho ng\u01b0\u1eddi n\u01b0\u1edbc ngo\u00e0i mu\u1ed1n h\u1ecdc ti\u1ebfng Nh\u1eadt.<br \/>\n<a class=\"obvious-link\" href=\".\/nihongosupo.html\">Th\u00f4ng tin chi ti\u1ebft t\u1ea1i \u0111\u00e2y<\/a><\/p>\n<h3>Ph\u00e1i c\u1eed ng\u01b0\u1eddi h\u1ed7 tr\u1ee3 th\u00f4ng d\u1ecbch y t\u1ebf- s\u1ee9c kh\u1ecfe c\u1ed9ng \u0111\u1ed3ng v\u00e0 t\u01b0 v\u1ea5n v\u1ec1 \u0111\u1eddi s\u1ed1ng sinh ho\u1ea1t<\/h3>\n<p>\u0110\u1ec3 c\u00e1c c\u01b0 d\u00e2n ng\u01b0\u1eddi n\u01b0\u1edbc ngo\u00e0i sinh s\u1ed1ng trong t\u1ec9nh g\u1eb7p tr\u1edf ng\u1ea1i v\u1edbi ti\u1ebfng Nh\u1eadt c\u00f3 th\u1ec3 y\u00ean t\u00e2m s\u1eed d\u1ee5ng c\u00e1c d\u1ecbch v\u1ee5 h\u00e0nh ch\u00ednh, y t\u1ebf, s\u1ee9c kh\u1ecfe c\u1ed9ng \u0111\u1ed3ng, ch\u00fang t\u00f4i ph\u00e1i c\u1eed th\u00f4ng d\u1ecbch theo y\u00eau c\u1ea7u c\u1ee7a c\u01a1 quan y t\u1ebf, s\u1ee9c kh\u1ecfe c\u1ed9ng \u0111\u1ed3ng hay c\u01a1 quan h\u00e0nh ch\u00ednh s\u1ef1 nghi\u1ec7p.<\/p>\n<h3>Thi\u1ebft l\u1eadp Trung t\u00e2m t\u01b0 v\u1ea5n ng\u01b0\u1eddi ngo\u1ea1i qu\u1ed1c Miyagi<\/h3>\n<p>Ch\u00fang t\u00f4i thi\u1ebft l\u1eadp c\u1ed5ng t\u01b0 v\u1ea5n b\u1eb1ng 13 th\u1ee9 ti\u1ebfng bao g\u1ed3m c\u1ea3 ti\u1ebfng Nh\u1eadt \u0111\u1ec3 gi\u1ea3i quy\u1ebft nh\u1eefng kh\u00f3 kh\u0103n, v\u01b0\u1edbng m\u1eafc tr\u00ean nhi\u1ec1u l\u0129nh v\u1ef1c m\u00e0 c\u00e1c c\u01b0 d\u00e2n ng\u01b0\u1eddi n\u01b0\u1edbc ngo\u00e0i sinh s\u1ed1ng trong t\u1ec9nh g\u1eb7p ph\u1ea3i trong sinh ho\u1ea1t h\u00e0ng ng\u00e0y.<br \/>\n<a class=\"obvious-link\" href=\".\/sodancenter.html\">Th\u00f4ng tin chi ti\u1ebft t\u1ea1i \u0111\u00e2y<\/a><\/p>\n<h3>Thi\u1ebft l\u1eadp Trung t\u00e2m h\u1ed7 tr\u1ee3 tr\u1ebb em mang qu\u1ed1c t\u1ecbch n\u01b0\u1edbc ngo\u00e0i<\/h3>\n<p>Ch\u00fang t\u00f4i ph\u00e1i c\u1eed ng\u01b0\u1eddi h\u1ed7 tr\u1ee3 gi\u00fap tr\u1ebb h\u1ecdc ti\u1ebfng Nh\u1eadt, ti\u1ebfng m\u1eb9 \u0111\u1ebb \u0111\u1ebfn c\u00e1c tr\u01b0\u1eddngc\u1ea5p 1 v\u00e0 c\u1ea5p 2 trong t\u1ec9nh d\u00e0nh cho nh\u1eefng tr\u1ebb mang qu\u1ed1c t\u1ecbch n\u01b0\u1edbc ngo\u00e0i kh\u00f4ng th\u1ec3 ti\u1ebfp thu c\u00e1c gi\u1edd h\u1ecdc b\u1eb1ng ti\u1ebfng Nh\u1eadt. Ngo\u00e0i ra, ch\u00fang t\u00f4i c\u0169ng nh\u1eadn t\u01b0 v\u1ea5n c\u00e1c v\u1ea5n \u0111\u1ec1 kh\u00e1c.<\/p>\n<h3>Th\u1ef1c thi c\u00e1c ch\u01b0\u01a1ng tr\u00ecnh h\u1ed7 tr\u1ee3 c\u01b0 d\u00e2n m\u1edbi th\u00edch \u1ee9ng v\u1edbi m\u00f4i tr\u01b0\u1eddng s\u1ed1ng<\/h3>\n<p>T\u1ed5 ch\u1ee9c c\u00e1c l\u1edbp h\u1ecdc v\u1ec1 y t\u1ebf, s\u1ee9c kh\u1ecfe c\u1ed9ng \u0111\u1ed3ng, ph\u00f2ng ch\u1ed1ng thi\u00ean tai hay bu\u1ed5i t\u1eadp hu\u1ea5n tr\u1ea3i nghi\u1ec7m th\u1ef1c t\u1ebf t\u1ea1i c\u00e1c c\u01a1 s\u1edf c\u1ed9ng \u0111\u1ed3ng.<\/p>\n<h3>Ph\u00e1i c\u1eed th\u00f4ng d\u1ecbch t\u00ecnh nguy\u1ec7n khi x\u1ea3y ra thi\u00ean tai<\/h3>\n<p>\u0110\u1ec3 h\u1ed7 tr\u1ee3 c\u01b0 d\u00e2n ng\u01b0\u1eddi n\u01b0\u1edbc ngo\u00e0i ph\u1ea3i sinh ho\u1ea1t t\u1ea1i n\u01a1i l\u00e1nh n\u1ea1n v.v\u2026khi trong t\u1ec9nh x\u1ea3y ra thi\u00ean tai, ch\u00fang t\u00f4i s\u1ebd ph\u00e1i c\u1eed th\u00f4ng d\u1ecbch t\u00ecnh nguy\u1ec7n theo y\u00eau c\u1ea7u c\u1ee7a Ban \u0110i\u1ec1u H\u00e0nh \u1ee8ng Ph\u00f3 Th\u1ea3m H\u1ecda .<\/p>\n<h3>C\u00f4ng t\u00e1c x\u00fac ti\u1ebfn x\u00e2y d\u1ef1ng c\u1ed9ng \u0111\u1ed3ng h\u1eefu ngh\u1ecb gi\u1eefa c\u01b0 d\u00e2n \u0111\u1ecba ph\u01b0\u01a1ng v\u1edbi th\u1ef1c t\u1eadp sinh<\/h3>\n<p>Ch\u00fang t\u00f4i k\u1ebft h\u1ee3p v\u1edbi c\u00e1c \u0111o\u00e0n th\u1ec3 nh\u00e2n d\u00e2n v\u00e0 \u0111\u1ecba ph\u01b0\u01a1ng t\u1ed5 ch\u1ee9c c\u00e1c bu\u1ed5i giao l\u01b0u nh\u1eb1m th\u00fac \u0111\u1ea9y vi\u1ec7c t\u1ea1o d\u1ef1ng m\u1ed1i quan h\u1ec7 giao h\u1ea3o gi\u1eefa c\u01b0 d\u00e2n \u0111\u1ecba ph\u01b0\u01a1ng v\u1edbi th\u1ef1c t\u1eadp sinh k\u1ef9 n\u0103ng \u0111ang gia t\u0103ng \u0111\u00e1ng k\u1ec3.<\/p>\n<h3>Cho vay sinh ho\u1ea1t kh\u00f4ng l\u00e3i d\u00e0nh cho \u0111\u1ed1i t\u01b0\u1ee3ng du h\u1ecdc sinh t\u1ef1 t\u00fac<\/h3>\n<p>Tr\u01b0\u1eddng h\u1ee3p du h\u1ecdc sinh t\u1ef1 t\u00fac c\u1ee7a c\u00e1c tr\u01b0\u1eddng \u0111\u1ea1i h\u1ecdc trong t\u1ec9nh c\u1ea7n chi ti\u00eau sinh ho\u1ea1t kh\u1ea9n c\u1ea5p, ch\u00fang t\u00f4i s\u1ebd cho vay 200.000 JPY kh\u00f4ng l\u00e3i.<br \/>\n<a class=\"obvious-link\" href=\"https:\/\/mia-miyagi.jp\/dc\/2023loan.pdf\">Th\u00f4ng tin chi ti\u1ebft t\u1ea1i \u0111\u00e2y<\/a><\/p>\n<h2>H\u1ee3p t\u00e1c qu\u1ed1c t\u1ebf\u30fbGiao l\u01b0u qu\u1ed1c t\u1ebf<\/h2>\n<h3>Ph\u00e1t h\u00e0nh b\u1ea3n tin \u300eC\u00e2u l\u1ea1c b\u1ed9 MIA, th\u00f4ng tin qu\u1ed1c t\u1ebf \u1edf Miyagi\u300f<\/h3>\n<p>Ngo\u00e0i n\u1ed9i dung gi\u1edbi thi\u1ec7u d\u01b0\u1edbi h\u00ecnh th\u1ee9c ph\u1ecfng v\u1ea5n c\u00e1c c\u01b0 d\u00e2n ng\u01b0\u1eddi n\u01b0\u1edbc ngo\u00e0i \u0111ang c\u00f3 nh\u1eefng ho\u1ea1t \u0111\u1ed9ng t\u00edch c\u1ef1c trong t\u1ec9nh, b\u1ea3n tin c\u00f2n \u0111\u0103ng t\u1ea3i th\u00f4ng tin ho\u1ea1t \u0111\u1ed9ng c\u1ee7a c\u00e1c \u0111o\u00e0n th\u1ec3 ho\u1ea1t \u0111\u1ed9ng qu\u1ed1c t\u1ebf. B\u1ea3n tin \u0111\u01b0\u1ee3c chuy\u1ec3n ph\u00e1t \u0111\u1ecbnh k\u1ef3 \u0111\u1ebfn c\u00e1c h\u1ed9i vi\u00ean \u0111\u00f3ng g\u00f3p cho Hi\u1ec7p h\u1ed9i c\u0169ng nh\u01b0 \u0111\u1ebfn c\u00e1c c\u01a1 quan li\u00ean quan.<\/p>\n<p><a class=\"obvious-link\" href=\"..\/publication.html\">Th\u00f4ng tin chi ti\u1ebft t\u1ea1i \u0111\u00e2y<\/a><\/p>\n<h3>Ph\u00e1i c\u1eed gi\u00e1o vi\u00ean ng\u01b0\u1eddi n\u01b0\u1edbc ngo\u00e0i cho c\u00e1c gi\u1edd h\u1ecdc nh\u1eb1m th\u00fac \u0111\u1ea9y vi\u1ec7c t\u0103ng c\u01b0\u1eddng hi\u1ec3u bi\u1ebft qu\u1ed1c t\u1ebf<\/h3>\n<p>Ph\u00e1i c\u1eed gi\u00e1o vi\u00ean n\u01b0\u1edbc ngo\u00e0i \u0111\u1ebfn c\u00e1c tr\u01b0\u1eddng c\u1ea5p 1, c\u1ea5p 2 t\u1ea1o c\u01a1 h\u1ed9i cho h\u1ecdc sinh th\u1ea5u hi\u1ec3u t\u00ednh \u0111a d\u1ea1ng c\u1ee7a th\u1ebf gi\u1edbi ch\u00fang ta v\u00e0 t\u1ea7m quan tr\u1ecdng c\u1ee7a\u00a0 tinh th\u1ea7n t\u01b0\u01a1ng th\u00e2n t\u01b0\u01a1ng tr\u1ee3 v\u00e0 s\u1ef1\u00a0 hi\u1ec3u bi\u1ebft l\u1eabn nhau.<\/p>\n<h3>Cho m\u01b0\u1ee3n mi\u1ec5n ph\u00ed t\u00e0i li\u1ec7u h\u1ecdc t\u1eadp ti\u1ebfng Nh\u1eadt\u30fbqu\u1ed1c k\u1ef3<\/h3>\n<p>Cho m\u01b0\u1ee3n mi\u1ec5n ph\u00ed c\u00e1c lo\u1ea1i t\u00e0i li\u1ec7u h\u1ecdc t\u1eadp ti\u1ebfng Nh\u1eadt, qu\u1ed1c k\u1ef3 c\u00e1c n\u01b0\u1edbc s\u1eed d\u1ee5ng cho c\u00e1c s\u1ef1 ki\u1ec7n giao l\u01b0u qu\u1ed1c t\u1ebf.<\/p>\n<h3>Bi\u00ean so\u1ea1n \u201cDanh m\u1ee5c c\u00e1c \u0111o\u00e0n th\u1ec3 ho\u1ea1t \u0111\u1ed9ng qu\u1ed1c t\u1ebf c\u1ee7a Miyagi\u201d<\/h3>\n<p>Gi\u1edbi thi\u1ec7u kh\u00e1i qu\u00e1t v\u1ec1 nh\u1eefng \u0111o\u00e0n th\u1ec3 c\u00f3 li\u00ean quan \u0111\u1ebfn ho\u1ea1t \u0111\u1ed9ng qu\u1ed1c t\u1ebftrong t\u1ec9nh, h\u1ed7 tr\u1ee3 th\u00e0nh l\u1eadp m\u1ea1ng l\u01b0\u1edbi li\u00ean k\u1ebft c\u00e1c \u0111o\u00e0n th\u1ec3 c\u0169ng nh\u01b0 h\u1ed7 tr\u1ee3 c\u00f4ng t\u00e1c truy\u1ec1n th\u00f4ng v\u1ec1 c\u00e1c \u0111o\u00e0n th\u1ec3.<\/p>\n<h3>T\u1ed5 ch\u1ee9c h\u1ed9i ngh\u1ecb li\u00ean l\u1ea1c v\u1edbi c\u00e1c \u0111o\u00e0n th\u1ec3 ho\u1ea1t \u0111\u1ed9ng qu\u1ed1c t\u1ebf<\/h3>\n<p>T\u1ed5 ch\u1ee9c h\u1ed9i ngh\u1ecb li\u00ean l\u1ea1c nh\u1eb1m trao \u0111\u1ed5i th\u00f4ng tin v\u00e0 t\u0103ng c\u01b0\u1eddng s\u1ef1 li\u00ean k\u1ebft, giao l\u01b0u\u00a0 gi\u1eefa c\u00e1c \u0111o\u00e0n th\u1ec3 giao l\u01b0u qu\u1ed1c t\u1ebf c\u1ee7a nh\u00e2n d\u00e2n v\u1edbi c\u00e1c Hi\u1ec7p h\u1ed9i giao l\u01b0u qu\u1ed1c t\u1ebf c\u1ee7a ch\u00ednh quy\u1ec1n c\u00e1c \u0111\u1ecba ph\u01b0\u01a1ng trong t\u1ec9nh.<\/p>\n<h3>H\u1ee3p t\u00e1c v\u1edbi \u0111o\u00e0n th\u1ec3 giao l\u01b0u qu\u1ed1c t\u1ebf t\u1ed5 ch\u1ee9c c\u00e1c s\u1ef1 ki\u1ec7n, l\u1ec5 h\u1ed9i<\/h3>\n<p>H\u1ee3p t\u00e1c b\u1eb1ng c\u00e1ch h\u1ed7 tr\u1ee3 v.v&#8230; c\u00e1c s\u1ef1 ki\u1ec7n do c\u00e1c \u0111o\u00e0n th\u1ec3 giao l\u01b0u qu\u1ed1c t\u1ebf t\u1ed5 ch\u1ee9c.<\/p>\n<h3>C\u00f4ng t\u00e1c giao l\u01b0u v\u0103n h\u00f3a \u0111\u1ecba ph\u01b0\u01a1ng t\u1ec9nh Miyagi<\/h3>\n<p>Ch\u00fang t\u00f4i truy\u1ec1n b\u00e1 v\u0103n h\u00f3a t\u1ec9nh nh\u00e0 \u0111\u1ed3ng th\u1eddi th\u00fac \u0111\u1ea9y vi\u1ec7c giao l\u01b0u qu\u1ed1c t\u1ebf b\u1eb1ng c\u00e1ch m\u1eddi c\u01b0 d\u00e2n ng\u01b0\u1eddi n\u01b0\u1edbc ngo\u00e0i sinh s\u1ed1ng trong t\u1ec9nh tham gia c\u00e1c s\u1ef1 ki\u1ec7n v\u0103n h\u00f3a truy\u1ec1n th\u1ed1ng t\u1ed5 ch\u1ee9c \u1edf c\u00e1c \u0111\u1ecba ph\u01b0\u01a1ng.<\/p>\n<h3>T\u1ed5 ch\u1ee9c h\u1ed9i th\u1ea3o h\u1ee3p t\u00e1c qu\u1ed1c t\u1ebf<\/h3>\n<p>H\u1ee3p t\u00e1c v\u1edbi JICA chi nh\u00e1nh \u0110\u00f4ng B\u1eafc t\u1ed5 ch\u1ee9c c\u00e1c bu\u1ed5i h\u1ed9i th\u1ea3o d\u00e0nh cho \u0111\u1ed1i t\u01b0\u1ee3ng l\u00e0 c\u01b0 d\u00e2n trong t\u1ec9nh nh\u1eb1m ph\u1ed5 bi\u1ebfn v\u00e0 lan t\u1ecfa nh\u1eefng v\u1ea5n \u0111\u1ec1 li\u00ean quan \u0111\u1ebfn h\u1ee3p t\u00e1c qu\u1ed1c t\u1ebf.<\/p>\n<h3>T\u1eadp hu\u1ea5n ti\u1ebfng Nh\u1eadt cho c\u00e1c th\u1ef1c t\u1eadp sinh t\u1eeb h\u1ea3i ngo\u1ea1i \u0111\u1ebfn t\u1ec9nh Miyagi<\/h3>\n<p>T\u1ed5 ch\u1ee9c c\u00e1c l\u1edbp t\u1eadp hu\u1ea5n ti\u1ebfng Nh\u1eadt cho c\u00e1c th\u1ef1c t\u1eadp sinh \u0111\u01b0\u1ee3c t\u1ec9nh Miyagi \u0111\u00f3n nh\u1eadn \u0111\u1ebfn t\u1eeb h\u1ea3i ngo\u1ea1i trong khu\u00f4n kh\u1ed5 ch\u01b0\u01a1ng tr\u00ecnh h\u1ed7 tr\u1ee3 k\u1ef9 thu\u1eadt \u0111\u1ed1i v\u1edbi c\u00e1c n\u01b0\u1edbc \u0111ang ph\u00e1t tri\u1ec3n.<\/p>\n<h3>H\u1ed7 tr\u1ee3 ng\u01b0\u1eddi di c\u01b0 ra n\u01b0\u1edbc ngo\u00e0i<\/h3>\n<p>Ch\u00fang t\u00f4i t\u00e0i tr\u1ee3 cho c\u00e1c h\u1ed9i \u0111\u1ed3ng h\u01b0\u01a1ng t\u1ec9nh Miyagi t\u1ea1i h\u1ea3i ngo\u1ea1i trong c\u00f4ng t\u00e1c duy tr\u00ec vi\u1ec7c v\u1eadn h\u00e0nh m\u1ed9t c\u00e1ch l\u00e0nh m\u1ea1nh c\u00e1c h\u1ed9i \u0111\u1ed3ng h\u01b0\u01a1ng c\u00f3 m\u1ee5c \u0111\u00edch n\u00e2ng cao t\u00ecnh h\u1eefu ngh\u1ecb v\u00e0 an sinh cho ki\u1ec1u b\u00e0o Miyagi sinh s\u1ed1ng t\u1ea1i h\u1ea3i ngo\u1ea1i.<\/p>\n<\/article>\n","protected":false},"excerpt":{"rendered":"<p>L\u0129nh v\u1ef1c ho\u1ea1t \u0111\u1ed9ngSummary of MIA&#8217;s Programs N\u1ed7 l\u1ef1c h\u01b0\u1edbng \u0111\u1ebfn m\u1ed9t c\u1ed9ng \u0111\u1ed3ng \u0111a v\u0103n h\u00f3a T\u1ed5 ch\u1ee9c c\u00e1c kh\u00f3a h [&hellip;]<\/p>\n","protected":false},"author":1,"featured_media":0,"parent":0,"menu_order":2,"comment_status":"closed","ping_status":"closed","template":"","meta":[],"_links":{"self":[{"href":"https:\/\/mia-miyagi.jp\/vietnamese\/wp-json\/wp\/v2\/pages\/12"}],"collection":[{"href":"https:\/\/mia-miyagi.jp\/vietnamese\/wp-json\/wp\/v2\/pages"}],"about":[{"href":"https:\/\/mia-miyagi.jp\/vietnamese\/wp-json\/wp\/v2\/types\/page"}],"author":[{"embeddable":true,"href":"https:\/\/mia-miyagi.jp\/vietnamese\/wp-json\/wp\/v2\/users\/1"}],"replies":[{"embeddable":true,"href":"https:\/\/mia-miyagi.jp\/vietnamese\/wp-json\/wp\/v2\/comments?post=12"}],"version-history":[{"count":8,"href":"https:\/\/mia-miyagi.jp\/vietnamese\/wp-json\/wp\/v2\/pages\/12\/revisions"}],"predecessor-version":[{"id":310,"href":"https:\/\/mia-miyagi.jp\/vietnamese\/wp-json\/wp\/v2\/pages\/12\/revisions\/310"}],"wp:attachment":[{"href":"https:\/\/mia-miyagi.jp\/vietnamese\/wp-json\/wp\/v2\/media?parent=12"}],"curies":[{"name":"wp","href":"https:\/\/api.w.org\/{rel}","templated":true}]}}