{"id":22,"date":"2020-12-02T16:31:54","date_gmt":"2020-12-02T07:31:54","guid":{"rendered":"http:\/\/localhost\/works\/mia_network\/easyjapanese\/?page_id=22"},"modified":"2024-04-11T14:53:14","modified_gmt":"2024-04-11T05:53:14","slug":"covid19_v","status":"publish","type":"page","link":"https:\/\/mia-miyagi.jp\/vietnamese\/covid19_v.html","title":{"rendered":"\u65b0\u578b\u30b3\u30ed\u30ca\u30a6\u30a4\u30eb\u30b9\u95a2\u9023"},"content":{"rendered":"<div class=\"contentsHead\">\n<h1>Th\u00f4ng tin \u0111a ng\u00f4n ng\u1eef v\u1ec1 ch\u1ee9ng nhhi\u1ec5m vi r\u00fat corona ch\u1ee7ng m\u1edbi (COVID-19)<br \/>\n<span style=\"font-size: 24pt\">Multilingual information on COVID-19<\/span><\/h1>\n<div class=\"contentsHead__bg\"><img src=\"..\/wp-content\/themes\/mia-complete\/assets\/img\/corona\/header_bg.jpg\" alt=\"\" \/><\/div>\n<\/div>\n<article class=\"contents\">\n<p class=\"lead\">Th\u00f4ng tin \u0111a ng\u00f4n ng\u1eef v\u1ec1 ch\u1ee9ng nhi\u1ec5m vi-r\u00fat corona ch\u1ee7ng m\u1edbi (COVID-19)<\/p>\n<p style=\"font-size: 1.9em\"><span style=\"color: #000000\"><strong><a class=\"obvious-link\" href=\"#aboutcovid19\" style=\"color: #000000\">\u226b <\/a><a class=\"obvious-link\" href=\"#aboutvaccination\" style=\"color: #000000\">V\u1ec1 vi\u1ec7c ti\u00eam ch\u1ee7ng v\u1eafc-xin<\/a><br \/>\n<\/strong><strong><a class=\"obvious-link\" href=\"#aboutvaccination\" style=\"color: #000000\">\u226b <\/a><a class=\"obvious-link\" href=\"#aboutcovid19\" style=\"color: #000000\">V\u1ec1 vi\u1ec7c nhi\u1ec5m b\u1ec7nh<\/a><br \/>\n<a class=\"obvious-link\" href=\"#yobo\" style=\"color: #000000\">\u226b V\u1ec1 vi\u1ec7c ph\u00f2ng b\u1ec7nh<\/a><br \/>\n<\/strong><\/span><\/p>\n<h2 id=\"aboutvaccination\"><strong><span style=\"font-size: 24pt\">V\u1ec1 vi\u1ec7c ti\u00eam ch\u1ee7ng v\u1eafc-xin<\/span><\/strong><\/h2>\n<p><span style=\"font-size: 18pt\"><strong><span style=\"color: #ff0000\">V\u1ec1 vi\u1ec7c ti\u00eam ch\u1ee7ng v\u1eafc-xin<\/span><\/strong><\/span><br \/>\n<span style=\"font-size: 12pt\"><a class=\"obvious-link\" href=\"https:\/\/mia-miyagi.jp\/dc\/J_vaccination.pdf\"><\/a><a class=\"obvious-link\" href=\"https:\/\/mia-miyagi.jp\/dc\/V_vaccination.pdf\">\u3010Ti\u1ebfng Vi\u1ec7t \u30d9\u30c8\u30ca\u30e0\u8a9e\u3011<\/a><br \/>\n<a href=\"https:\/\/mia-miyagi.jp\/dc\/J_vaccination.pdf\"><\/a><a class=\"obvious-link\" href=\"https:\/\/www.mia-miyagi.jp\/dc\/J_vaccination.pdf\">\u3010\u65e5\u672c\u8a9e \u306b\u307b\u3093\u3054\u3011<\/a><\/span><br \/>\n<span style=\"font-size: 12pt\"><a class=\"obvious-link\" href=\"https:\/\/www.mia-miyagi.jp\/dc\/E_vaccination.pdf\">\u3010English \u82f1\u8a9e\u3011<\/a><\/span><\/p>\n<p><span style=\"font-size: 12pt\"><\/span><\/p>\n<h3><a href=\"https:\/\/mia-miyagi.jp\/dc\/vaccination_soudan.pdf\"><span style=\"font-size: 18pt\"><strong><span style=\"color: #ff0000\">N\u1ebfu b\u1ea1n c\u00f3 g\u00ec kh\u00f4ng hi\u1ec3u v\u1ec1 ti\u00eam ch\u1ee7ng v\u1eafc-xin<\/span><\/strong><\/span><\/a><\/h3>\n<p>&nbsp;<\/p>\n<h2 id=\"aboutcovid19\"><strong><span style=\"font-size: 24pt\">V\u1ec1 vi\u1ec7c nhi\u1ec5m b\u1ec7nh<\/span><\/strong><\/h2>\n<h3 style=\"color: #000000\">\u25ceCLAIR<\/h3>\n<p><span style=\"font-size: 14pt\"><a class=\"obvious-link\" href=\"http:\/\/www.clair.or.jp\/tabunka\/portal\/info\/contents\/114517.php?fbclid=IwAR0DDq7HhHQ-KOrYZmXPXxk9CnkfYJ1XpWyOi4MVKhw0jcVeox_PL3f7eEM\">V\u1ec1 vi-r\u00fat corona ch\u1ee7ng m\u1edbi<\/a><\/span><\/p>\n<h3 style=\"color: #000000\">\u25ce\u0110\u1ea1i h\u1ecdc Y D\u01b0\u1ee3c TOHOKU<\/h3>\n<p>Ch\u1ee9ng l\u00e2y nhi\u1ec5m vi-r\u00fat corona ch\u1ee7ng m\u1edbi \u2015 S\u1ed5 h\u01b0\u1edbng d\u1eabn ph\u00f2ng ng\u1eeba l\u00e2y nhi\u1ec5m d\u00e0nh cho c\u01b0 d\u00e2n (b\u1ea3n \u0111a ng\u00f4n ng\u1eef)<br \/>\n<a class=\"obvious-link\" href=\"http:\/\/www.hosp.tohoku-mpu.ac.jp\/data\/covid\/%E7%AC%AC2%E7%89%88%E6%96%B0%E5%9E%8B%E3%82%B3%E3%83%AD%E3%83%8A%E3%82%A6%E3%82%A4%E3%83%AB%E3%82%B9%E6%84%9F%E6%9F%93%E7%97%87_%E5%B8%82%E6%B0%91%E5%90%91%E3%81%91%E3%83%8F%E3%83%B3%E3%83%89%E3%83%96%E3%83%83%E3%82%AF_%E7%AC%AC2.2%E7%89%88_20200424.pdf\"><\/a><a class=\"obvious-link\" href=\"http:\/\/www.hosp.tohoku-mpu.ac.jp\/data\/covid\/COVID_handbook_ver02-2_vi_20200424.pdf\">\u3010Ti\u1ebfng Vi\u1ec7t \u30d9\u30c8\u30ca\u30e0\u8a9e\u3011<\/a><br \/>\n<a class=\"obvious-link\" href=\"http:\/\/www.hosp.tohoku-mpu.ac.jp\/data\/covid\/%E7%AC%AC2%E7%89%88%E6%96%B0%E5%9E%8B%E3%82%B3%E3%83%AD%E3%83%8A%E3%82%A6%E3%82%A4%E3%83%AB%E3%82%B9%E6%84%9F%E6%9F%93%E7%97%87_%E5%B8%82%E6%B0%91%E5%90%91%E3%81%91%E3%83%8F%E3%83%B3%E3%83%89%E3%83%96%E3%83%83%E3%82%AF_%E7%AC%AC2.2%E7%89%88_20200424.pdf\">\u3010\u65e5\u672c\u8a9e\u3011<\/a><br \/>\n<a class=\"obvious-link\" href=\"http:\/\/www.hosp.tohoku-mpu.ac.jp\/data\/covid\/COVID_handbook_ver02-2_en_20200424.pdf\">\u3010English \u82f1\u8a9e\u3011<\/a><\/p>\n<h2 id=\"aboutcovid19\"><strong><span style=\"font-size: 24pt\">Ngo\u00e0i ra<\/span><\/strong><\/h2>\n<h3 style=\"color: #000000\">\u25ceNHK NEWS WEB EASY<\/h3>\n<p><span style=\"font-size: 14pt\"><a class=\"obvious-link\" href=\"https:\/\/www3.nhk.or.jp\/news\/easy\/k10012293221000\/k10012293221000.html\">Tin m\u1edbi v\u1ec1 vi-r\u00fat corona ch\u1ee7ng m\u1edbi<\/a><\/span><\/p>\n<h3 style=\"color: #000000\">\u25ceC\u00f4ng ty c\u1ed5 ph\u1ea7n YUBISASHI<\/h3>\n<p><span style=\"font-size: 14pt\"><a class=\"obvious-link\" href=\"https:\/\/www.yubisashi.com\/PDF\/yubisashi_covid19.pdf\">\u0110\u1ed1i ph\u00f3 vi-r\u00fat corona ch\u1ee7ng m\u1edbi \u2013 H\u1ed9i tho\u1ea1i b\u1eb1ng c\u00e1ch ch\u1ec9 tay, b\u1ea3n PDF<\/a><\/span><\/p>\n<\/article>\n","protected":false},"excerpt":{"rendered":"<p>Th\u00f4ng tin \u0111a ng\u00f4n ng\u1eef v\u1ec1 ch\u1ee9ng nhhi\u1ec5m vi r\u00fat corona ch\u1ee7ng m\u1edbi (COVID-19) Multilingual information on COVID-19  [&hellip;]<\/p>\n","protected":false},"author":1,"featured_media":0,"parent":0,"menu_order":8,"comment_status":"closed","ping_status":"closed","template":"","meta":[],"_links":{"self":[{"href":"https:\/\/mia-miyagi.jp\/vietnamese\/wp-json\/wp\/v2\/pages\/22"}],"collection":[{"href":"https:\/\/mia-miyagi.jp\/vietnamese\/wp-json\/wp\/v2\/pages"}],"about":[{"href":"https:\/\/mia-miyagi.jp\/vietnamese\/wp-json\/wp\/v2\/types\/page"}],"author":[{"embeddable":true,"href":"https:\/\/mia-miyagi.jp\/vietnamese\/wp-json\/wp\/v2\/users\/1"}],"replies":[{"embeddable":true,"href":"https:\/\/mia-miyagi.jp\/vietnamese\/wp-json\/wp\/v2\/comments?post=22"}],"version-history":[{"count":74,"href":"https:\/\/mia-miyagi.jp\/vietnamese\/wp-json\/wp\/v2\/pages\/22\/revisions"}],"predecessor-version":[{"id":353,"href":"https:\/\/mia-miyagi.jp\/vietnamese\/wp-json\/wp\/v2\/pages\/22\/revisions\/353"}],"wp:attachment":[{"href":"https:\/\/mia-miyagi.jp\/vietnamese\/wp-json\/wp\/v2\/media?parent=22"}],"curies":[{"name":"wp","href":"https:\/\/api.w.org\/{rel}","templated":true}]}}